{"id":11,"date":"2018-10-09T09:19:06","date_gmt":"2018-10-09T09:19:06","guid":{"rendered":"https:\/\/websitedemos.net\/alex23\/?page_id=11"},"modified":"2022-12-29T14:37:39","modified_gmt":"2022-12-29T13:37:39","slug":"kontakt","status":"publish","type":"page","link":"https:\/\/krtkopartner.sk\/hu\/kontakt\/","title":{"rendered":"KAPCSOLAT"},"content":{"rendered":"<div data-elementor-type=\"wp-post\" data-elementor-id=\"11\" class=\"elementor elementor-11\">\n\t\t\t\t\t\t<div class=\"elementor-inner\">\n\t\t\t\t<div class=\"elementor-section-wrap\">\n\t\t\t\t\t\t\t\t\t<section class=\"elementor-section elementor-top-section elementor-element elementor-element-774ac1a elementor-section-full_width elementor-section-content-bottom elementor-section-height-default elementor-section-height-default elementor-invisible\" data-id=\"774ac1a\" data-element_type=\"section\" data-settings=\"{&quot;background_background&quot;:&quot;classic&quot;,&quot;animation&quot;:&quot;fadeIn&quot;}\">\n\t\t\t\t\t\t\t<div class=\"elementor-background-overlay\"><\/div>\n\t\t\t\t\t\t\t<div class=\"elementor-container elementor-column-gap-no\">\n\t\t\t\t\t\t\t<div class=\"elementor-row\">\n\t\t\t\t\t<div class=\"elementor-column elementor-col-100 elementor-top-column elementor-element elementor-element-d6110ab\" data-id=\"d6110ab\" data-element_type=\"column\">\n\t\t\t<div class=\"elementor-column-wrap elementor-element-populated\">\n\t\t\t\t\t\t\t<div class=\"elementor-widget-wrap\">\n\t\t\t\t\t\t<div class=\"elementor-element elementor-element-d833592 elementor-widget elementor-widget-heading\" data-id=\"d833592\" data-element_type=\"widget\" data-widget_type=\"heading.default\">\n\t\t\t\t<div class=\"elementor-widget-container\">\n\t\t\t<h1 class=\"elementor-heading-title elementor-size-default\">KAPCSOLAT<\/h1>\t\t<\/div>\n\t\t\t\t<\/div>\n\t\t\t\t\t\t<\/div>\n\t\t\t\t\t<\/div>\n\t\t<\/div>\n\t\t\t\t\t\t\t\t<\/div>\n\t\t\t\t\t<\/div>\n\t\t<\/section>\n\t\t\t\t<section class=\"elementor-section elementor-top-section elementor-element elementor-element-a6196a7 elementor-section-full_width elementor-section-content-middle elementor-reverse-mobile elementor-reverse-tablet elementor-section-height-default elementor-section-height-default\" data-id=\"a6196a7\" data-element_type=\"section\">\n\t\t\t\t\t\t<div class=\"elementor-container elementor-column-gap-no\">\n\t\t\t\t\t\t\t<div class=\"elementor-row\">\n\t\t\t\t\t<div class=\"elementor-column elementor-col-50 elementor-top-column elementor-element elementor-element-0bd27a3\" data-id=\"0bd27a3\" data-element_type=\"column\" data-settings=\"{&quot;background_background&quot;:&quot;classic&quot;}\">\n\t\t\t<div class=\"elementor-column-wrap elementor-element-populated\">\n\t\t\t\t\t<div class=\"elementor-background-overlay\"><\/div>\n\t\t\t\t\t\t\t<div class=\"elementor-widget-wrap\">\n\t\t\t\t\t\t<div class=\"elementor-element elementor-element-99975e6 elementor-widget elementor-widget-heading\" data-id=\"99975e6\" data-element_type=\"widget\" data-widget_type=\"heading.default\">\n\t\t\t\t<div class=\"elementor-widget-container\">\n\t\t\t<h2 class=\"elementor-heading-title elementor-size-default\">SME V\u00c1M K DISPOZ\u00cdCI\u00cd 24 \/ 7<\/h2>\t\t<\/div>\n\t\t\t\t<\/div>\n\t\t\t\t\t\t<\/div>\n\t\t\t\t\t<\/div>\n\t\t<\/div>\n\t\t\t\t<div class=\"elementor-column elementor-col-50 elementor-top-column elementor-element elementor-element-f31b70d\" data-id=\"f31b70d\" data-element_type=\"column\" data-settings=\"{&quot;background_background&quot;:&quot;classic&quot;}\">\n\t\t\t<div class=\"elementor-column-wrap elementor-element-populated\">\n\t\t\t\t\t\t\t<div class=\"elementor-widget-wrap\">\n\t\t\t\t\t\t<div class=\"elementor-element elementor-element-e709083 elementor-widget elementor-widget-heading\" data-id=\"e709083\" data-element_type=\"widget\" data-widget_type=\"heading.default\">\n\t\t\t\t<div class=\"elementor-widget-container\">\n\t\t\t<h2 class=\"elementor-heading-title elementor-size-default\">KAPCSOLAT<\/h2>\t\t<\/div>\n\t\t\t\t<\/div>\n\t\t\t\t<div class=\"elementor-element elementor-element-1e77f21 elementor-invisible elementor-widget elementor-widget-heading\" data-id=\"1e77f21\" data-element_type=\"widget\" data-settings=\"{&quot;_animation&quot;:&quot;lightSpeedIn&quot;}\" data-widget_type=\"heading.default\">\n\t\t\t\t<div class=\"elementor-widget-container\">\n\t\t\t<h3 class=\"elementor-heading-title elementor-size-default\"><i class=\"fa-solid fa-phone\"><\/i> <a href=\"tel:+421915600664\">0915 600 664<\/a><\/h3>\t\t<\/div>\n\t\t\t\t<\/div>\n\t\t\t\t<div class=\"elementor-element elementor-element-9b0d35e elementor-widget elementor-widget-text-editor\" data-id=\"9b0d35e\" data-element_type=\"widget\" data-widget_type=\"text-editor.default\">\n\t\t\t\t<div class=\"elementor-widget-container\">\n\t\t\t\t\t\t\t\t<div class=\"elementor-text-editor elementor-clearfix\">\n\t\t\t\t<p>E-mail: <a href=\"mailto:info@krtkopartner.sk\">info@krtkopartner.sk<\/a><\/p><p><strong>SUNDAY MORNING s.r.o.<\/strong><br \/>Obchodn\u00e1 632\/21, 945 04 Kom\u00e1rno \u2013 Nov\u00e1 Str\u00e1\u017e<br \/>I\u010cO: 50\u00a0253\u00a0760<br \/>I\u010cDPH: SK2120244830<br \/>Sro-40520\/N<\/p>\t\t\t\t\t<\/div>\n\t\t\t\t\t\t<\/div>\n\t\t\t\t<\/div>\n\t\t\t\t<div class=\"elementor-element elementor-element-345372e elementor-invisible elementor-widget elementor-widget-shortcode\" data-id=\"345372e\" data-element_type=\"widget\" data-settings=\"{&quot;_animation&quot;:&quot;fadeIn&quot;}\" data-widget_type=\"shortcode.default\">\n\t\t\t\t<div class=\"elementor-widget-container\">\n\t\t\t\t\t<div class=\"elementor-shortcode\"><div class=\"wpcf7 no-js\" id=\"wpcf7-f14-o1\" lang=\"sk-SK\" dir=\"ltr\">\n<div class=\"screen-reader-response\"><p role=\"status\" aria-live=\"polite\" aria-atomic=\"true\"><\/p> <ul><\/ul><\/div>\n<form action=\"\/hu\/wp-json\/wp\/v2\/pages\/11#wpcf7-f14-o1\" method=\"post\" class=\"wpcf7-form init\" aria-label=\"Contact form\" novalidate=\"novalidate\" data-status=\"init\" data-trp-original-action=\"\/hu\/wp-json\/wp\/v2\/pages\/11#wpcf7-f14-o1\">\n<div style=\"display: none;\">\n<input type=\"hidden\" name=\"_wpcf7\" value=\"14\" \/>\n<input type=\"hidden\" name=\"_wpcf7_version\" value=\"5.7.2\" \/>\n<input type=\"hidden\" name=\"_wpcf7_locale\" value=\"sk_SK\" \/>\n<input type=\"hidden\" name=\"_wpcf7_unit_tag\" value=\"wpcf7-f14-o1\" \/>\n<input type=\"hidden\" name=\"_wpcf7_container_post\" value=\"0\" \/>\n<input type=\"hidden\" name=\"_wpcf7_posted_data_hash\" value=\"\" \/>\n<input type=\"hidden\" name=\"_wpcf7_recaptcha_response\" value=\"\" \/>\n<\/div>\n<p><label> N\u00e9v<br \/>\n<span class=\"wpcf7-form-control-wrap\" data-name=\"your-name\"><input size=\"40\" class=\"wpcf7-form-control wpcf7-text wpcf7-validates-as-required\" aria-required=\"true\" aria-invalid=\"false\" value=\"\" type=\"text\" name=\"your-name\" \/><\/span> <\/label>\n<\/p>\n<p><label> E-mail<br \/>\n<span class=\"wpcf7-form-control-wrap\" data-name=\"your-email\"><input size=\"40\" class=\"wpcf7-form-control wpcf7-text wpcf7-email wpcf7-validates-as-required wpcf7-validates-as-email\" aria-required=\"true\" aria-invalid=\"false\" value=\"\" type=\"email\" name=\"your-email\" \/><\/span> <\/label>\n<\/p>\n<p><label> T\u00e1rgy<br \/>\n<span class=\"wpcf7-form-control-wrap\" data-name=\"your-subject\"><input size=\"40\" class=\"wpcf7-form-control wpcf7-text\" aria-invalid=\"false\" value=\"\" type=\"text\" name=\"your-subject\" \/><\/span> <\/label>\n<\/p>\n<p><label> \u00dczenet<br \/>\n<span class=\"wpcf7-form-control-wrap\" data-name=\"your-message\"><textarea cols=\"40\" rows=\"10\" class=\"wpcf7-form-control wpcf7-textarea\" aria-invalid=\"false\" name=\"your-message\"><\/textarea><\/span> <\/label><br \/>\n<span class=\"wpcf7-form-control-wrap\" data-name=\"GDPR\"><span class=\"wpcf7-form-control wpcf7-acceptance\"><span class=\"wpcf7-list-item\"><label><input type=\"checkbox\" name=\"GDPR\" value=\"1\" aria-invalid=\"false\" \/><span class=\"wpcf7-list-item-label\">Obozn\u00e1mil som sa a s\u00fahlas\u00edm so spracovan\u00edm <a href=\"https:\/\/krtkopartner.sk\/hu\/ochrana-sukromia\/\" target=\"_blank\">osobn\u00fdch \u00fadajov<\/a>.<\/span><\/label><\/span><\/span><\/span>\n<\/p>\n<p class=\"recapcha-text\">T\u00e1to str\u00e1nka je chr\u00e1nen\u00e1 z\u00e1konom reCAPTCHA a uplat\u0148uj\u00fa sa <a href=\"https:\/\/policies.google.com\/privacy\" target=\"_Blank\">Pravidl\u00e1 ochrany osobn\u00fdch \u00fadajov<\/a> spolo\u010dnosti Google a <a href=\"https:\/\/policies.google.com\/terms\" target=\"_Blank\">Zmluvn\u00e9 podmienky<\/a>.\n<\/p>\n<p><input class=\"wpcf7-form-control has-spinner wpcf7-submit\" type=\"submit\" value=\"Odosla\u0165\" \/>\n<\/p><div class=\"wpcf7-response-output\" aria-hidden=\"true\"><\/div><input type=\"hidden\" name=\"trp-form-language\" value=\"hu\"\/><\/form><\/div><\/div>\n\t\t\t\t<\/div>\n\t\t\t\t<\/div>\n\t\t\t\t\t\t<\/div>\n\t\t\t\t\t<\/div>\n\t\t<\/div>\n\t\t\t\t\t\t\t\t<\/div>\n\t\t\t\t\t<\/div>\n\t\t<\/section>\n\t\t\t\t\t\t\t\t\t<\/div>\n\t\t\t<\/div>\n\t\t\t\t\t<\/div>","protected":false},"excerpt":{"rendered":"<p>KONTAKT SME V\u00c1M K DISPOZ\u00cdCI\u00cd 24 \/ 7 KONTAKT 0915 600 664 E-mail: info@krtkopartner.sk SUNDAY MORNING s.r.o.Obchodn\u00e1 632\/21, 945 04 Kom\u00e1rno \u2013 Nov\u00e1 Str\u00e1\u017eI\u010cO: 50\u00a0253\u00a0760I\u010cDPH: SK2120244830Sro-40520\/N<\/p>","protected":false},"author":4,"featured_media":0,"parent":0,"menu_order":0,"comment_status":"closed","ping_status":"closed","template":"","meta":{"site-sidebar-layout":"no-sidebar","site-content-layout":"page-builder","ast-global-header-display":"","ast-main-header-display":"","ast-hfb-above-header-display":"","ast-hfb-below-header-display":"","ast-hfb-mobile-header-display":"","site-post-title":"disabled","ast-breadcrumbs-content":"","ast-featured-img":"disabled","footer-sml-layout":"","theme-transparent-header-meta":"default","adv-header-id-meta":"","stick-header-meta":"","header-above-stick-meta":"","header-main-stick-meta":"","header-below-stick-meta":""},"aioseo_notices":[],"yoast_head":"<!-- This site is optimized with the Yoast SEO plugin v19.13 - https:\/\/yoast.com\/wordpress\/plugins\/seo\/ -->\n<title>KONTAKT - Krtkopartner<\/title>\n<meta name=\"robots\" content=\"index, follow, max-snippet:-1, max-image-preview:large, max-video-preview:-1\" \/>\n<link rel=\"canonical\" href=\"https:\/\/krtkopartner.sk\/hu\/kontakt\/\" \/>\n<meta property=\"og:locale\" content=\"hu_HU\" \/>\n<meta property=\"og:type\" content=\"article\" \/>\n<meta property=\"og:title\" content=\"KONTAKT - Krtkopartner\" \/>\n<meta property=\"og:description\" content=\"KONTAKT SME V\u00c1M K DISPOZ\u00cdCI\u00cd 24 \/ 7 KONTAKT 0915 600 664 E-mail: info@krtkopartner.sk SUNDAY MORNING s.r.o.Obchodn\u00e1 632\/21, 945 04 Kom\u00e1rno \u2013 Nov\u00e1 Str\u00e1\u017eI\u010cO: 50\u00a0253\u00a0760I\u010cDPH: SK2120244830Sro-40520\/N\" \/>\n<meta property=\"og:url\" content=\"https:\/\/krtkopartner.sk\/hu\/kontakt\/\" \/>\n<meta property=\"og:site_name\" content=\"Krtkopartner\" \/>\n<meta property=\"article:modified_time\" content=\"2022-12-29T13:37:39+00:00\" \/>\n<meta name=\"twitter:card\" content=\"summary_large_image\" \/>\n<script type=\"application\/ld+json\" class=\"yoast-schema-graph\">{\"@context\":\"https:\/\/schema.org\",\"@graph\":[{\"@type\":\"WebPage\",\"@id\":\"https:\/\/krtkopartner.sk\/kontakt\/\",\"url\":\"https:\/\/krtkopartner.sk\/kontakt\/\",\"name\":\"KONTAKT - Krtkopartner\",\"isPartOf\":{\"@id\":\"https:\/\/krtkopartner.sk\/#website\"},\"datePublished\":\"2018-10-09T09:19:06+00:00\",\"dateModified\":\"2022-12-29T13:37:39+00:00\",\"breadcrumb\":{\"@id\":\"https:\/\/krtkopartner.sk\/kontakt\/#breadcrumb\"},\"inLanguage\":\"hu\",\"potentialAction\":[{\"@type\":\"ReadAction\",\"target\":[\"https:\/\/krtkopartner.sk\/kontakt\/\"]}]},{\"@type\":\"BreadcrumbList\",\"@id\":\"https:\/\/krtkopartner.sk\/kontakt\/#breadcrumb\",\"itemListElement\":[{\"@type\":\"ListItem\",\"position\":1,\"name\":\"Home\",\"item\":\"https:\/\/krtkopartner.sk\/\"},{\"@type\":\"ListItem\",\"position\":2,\"name\":\"KONTAKT\"}]},{\"@type\":\"WebSite\",\"@id\":\"https:\/\/krtkopartner.sk\/#website\",\"url\":\"https:\/\/krtkopartner.sk\/\",\"name\":\"Krtkopartner\",\"description\":\"\",\"publisher\":{\"@id\":\"https:\/\/krtkopartner.sk\/#organization\"},\"potentialAction\":[{\"@type\":\"SearchAction\",\"target\":{\"@type\":\"EntryPoint\",\"urlTemplate\":\"https:\/\/krtkopartner.sk\/?s={search_term_string}\"},\"query-input\":\"required name=search_term_string\"}],\"inLanguage\":\"hu\"},{\"@type\":\"Organization\",\"@id\":\"https:\/\/krtkopartner.sk\/#organization\",\"name\":\"Krtkopartner\",\"url\":\"https:\/\/krtkopartner.sk\/\",\"logo\":{\"@type\":\"ImageObject\",\"inLanguage\":\"hu\",\"@id\":\"https:\/\/krtkopartner.sk\/#\/schema\/logo\/image\/\",\"url\":\"https:\/\/krtkopartner.sk\/wp-content\/uploads\/2019\/08\/kp-4-1.png\",\"contentUrl\":\"https:\/\/krtkopartner.sk\/wp-content\/uploads\/2019\/08\/kp-4-1.png\",\"width\":226,\"height\":84,\"caption\":\"Krtkopartner\"},\"image\":{\"@id\":\"https:\/\/krtkopartner.sk\/#\/schema\/logo\/image\/\"}}]}<\/script>\n<!-- \/ Yoast SEO plugin. -->","yoast_head_json":{"title":"KONTAKT - Krtkopartner","robots":{"index":"index","follow":"follow","max-snippet":"max-snippet:-1","max-image-preview":"max-image-preview:large","max-video-preview":"max-video-preview:-1"},"canonical":"https:\/\/krtkopartner.sk\/hu\/kontakt\/","og_locale":"hu_HU","og_type":"article","og_title":"KONTAKT - Krtkopartner","og_description":"KONTAKT SME V\u00c1M K DISPOZ\u00cdCI\u00cd 24 \/ 7 KONTAKT 0915 600 664 E-mail: info@krtkopartner.sk SUNDAY MORNING s.r.o.Obchodn\u00e1 632\/21, 945 04 Kom\u00e1rno \u2013 Nov\u00e1 Str\u00e1\u017eI\u010cO: 50\u00a0253\u00a0760I\u010cDPH: SK2120244830Sro-40520\/N","og_url":"https:\/\/krtkopartner.sk\/hu\/kontakt\/","og_site_name":"Krtkopartner","article_modified_time":"2022-12-29T13:37:39+00:00","twitter_card":"summary_large_image","schema":{"@context":"https:\/\/schema.org","@graph":[{"@type":"WebPage","@id":"https:\/\/krtkopartner.sk\/kontakt\/","url":"https:\/\/krtkopartner.sk\/kontakt\/","name":"KONTAKT - Krtkopartner","isPartOf":{"@id":"https:\/\/krtkopartner.sk\/#website"},"datePublished":"2018-10-09T09:19:06+00:00","dateModified":"2022-12-29T13:37:39+00:00","breadcrumb":{"@id":"https:\/\/krtkopartner.sk\/kontakt\/#breadcrumb"},"inLanguage":"hu","potentialAction":[{"@type":"ReadAction","target":["https:\/\/krtkopartner.sk\/kontakt\/"]}]},{"@type":"BreadcrumbList","@id":"https:\/\/krtkopartner.sk\/kontakt\/#breadcrumb","itemListElement":[{"@type":"ListItem","position":1,"name":"Home","item":"https:\/\/krtkopartner.sk\/"},{"@type":"ListItem","position":2,"name":"KONTAKT"}]},{"@type":"WebSite","@id":"https:\/\/krtkopartner.sk\/#website","url":"https:\/\/krtkopartner.sk\/","name":"Krtkopartner","description":"","publisher":{"@id":"https:\/\/krtkopartner.sk\/#organization"},"potentialAction":[{"@type":"SearchAction","target":{"@type":"EntryPoint","urlTemplate":"https:\/\/krtkopartner.sk\/?s={search_term_string}"},"query-input":"required name=search_term_string"}],"inLanguage":"hu"},{"@type":"Organization","@id":"https:\/\/krtkopartner.sk\/#organization","name":"Krtkopartner","url":"https:\/\/krtkopartner.sk\/","logo":{"@type":"ImageObject","inLanguage":"hu","@id":"https:\/\/krtkopartner.sk\/#\/schema\/logo\/image\/","url":"https:\/\/krtkopartner.sk\/wp-content\/uploads\/2019\/08\/kp-4-1.png","contentUrl":"https:\/\/krtkopartner.sk\/wp-content\/uploads\/2019\/08\/kp-4-1.png","width":226,"height":84,"caption":"Krtkopartner"},"image":{"@id":"https:\/\/krtkopartner.sk\/#\/schema\/logo\/image\/"}}]}},"_links":{"self":[{"href":"https:\/\/krtkopartner.sk\/hu\/wp-json\/wp\/v2\/pages\/11"}],"collection":[{"href":"https:\/\/krtkopartner.sk\/hu\/wp-json\/wp\/v2\/pages"}],"about":[{"href":"https:\/\/krtkopartner.sk\/hu\/wp-json\/wp\/v2\/types\/page"}],"author":[{"embeddable":true,"href":"https:\/\/krtkopartner.sk\/hu\/wp-json\/wp\/v2\/users\/4"}],"replies":[{"embeddable":true,"href":"https:\/\/krtkopartner.sk\/hu\/wp-json\/wp\/v2\/comments?post=11"}],"version-history":[{"count":14,"href":"https:\/\/krtkopartner.sk\/hu\/wp-json\/wp\/v2\/pages\/11\/revisions"}],"predecessor-version":[{"id":436,"href":"https:\/\/krtkopartner.sk\/hu\/wp-json\/wp\/v2\/pages\/11\/revisions\/436"}],"wp:attachment":[{"href":"https:\/\/krtkopartner.sk\/hu\/wp-json\/wp\/v2\/media?parent=11"}],"curies":[{"name":"wp","href":"https:\/\/api.w.org\/{rel}","templated":true}]}}